{"id":290,"date":"2016-11-15T19:54:26","date_gmt":"2016-11-15T18:54:26","guid":{"rendered":"http:\/\/www.lobaufischer.at\/?page_id=290"},"modified":"2023-12-06T19:21:32","modified_gmt":"2023-12-06T18:21:32","slug":"unser-team","status":"publish","type":"page","link":"http:\/\/www.lobaufischer.at\/?page_id=290","title":{"rendered":"Unser Team"},"content":{"rendered":"<p>Der Vorstand des Vereins der Lobaufischer wurde von seinen 450 Mitgliedern im Rahmen der letzten Jahresversammlung im M\u00e4rz 2022 neu gew\u00e4hlt. Er trifft sich mindestens einmal monatlich in Gro\u00dfenzersdorf zu den Vereinssitzungen.<\/p>\n\n<table id=\"tablepress-3\" class=\"tablepress tablepress-id-3\">\n<thead>\n<tr class=\"row-1\">\n\t<th class=\"column-1\">OBMANN<\/th><th class=\"column-2\">OBMANN STV.           <\/th><th class=\"column-3\">KASSIER <\/th>\n<\/tr>\n<\/thead>\n<tbody class=\"row-striping row-hover\">\n<tr class=\"row-2\">\n\t<td class=\"column-1\"><figure id=\"attachment_54\" aria-describedby=\"caption-attachment-54\" style=\"width: 150px\" class=\"wp-caption alignnone\"><img loading=\"lazy\" decoding=\"async\" src=\"http:\/\/www.lobaufischer.at\/wp-content\/uploads\/2016\/11\/OBMANN-Alexander-Kemetm\u00fcller-150x150.jpg\" alt=\"OBMANN Alexander Kemetm\u00fcller\" width=\"150\" height=\"150\" class=\"size-thumbnail wp-image-54\" \/><figcaption id=\"caption-attachment-54\" class=\"wp-caption-text\">OBMANN Alexander Kemetm\u00fcller<\/figcaption><\/figure><\/td><td class=\"column-2\"><figure id=\"attachment_1950\" aria-describedby=\"caption-attachment-1950\" style=\"width: 150px\" class=\"wp-caption aligncenter\"><a href=\"http:\/\/www.lobaufischer.at\/?attachment_id=1950\" rel=\"attachment wp-att-1950\"><img loading=\"lazy\" decoding=\"async\" src=\"http:\/\/www.lobaufischer.at\/wp-content\/uploads\/2024\/12\/OBMANN-STV.-Gerhard-Kober2-e1733579142535-150x150.jpg\" alt=\"OBMANN-STV.-Gerhard-Kober\" width=\"150\" height=\"150\" class=\"size-thumbnail wp-image-1950\" \/><\/a><figcaption id=\"caption-attachment-1950\" class=\"wp-caption-text\">OBMANN-STV.-Gerhard-Kober<\/figcaption><\/figure><\/td><td class=\"column-3\"><figure id=\"attachment_51\" aria-describedby=\"caption-attachment-51\" style=\"width: 119px\" class=\"wp-caption alignnone\"><img loading=\"lazy\" decoding=\"async\" src=\"http:\/\/www.lobaufischer.at\/wp-content\/uploads\/2016\/11\/KASSIER-Harald-Goldmann-119x150.jpg\" alt=\"KASSIER Harald Goldmann\" width=\"119\" height=\"150\" class=\"size-thumbnail wp-image-51\" \/><figcaption id=\"caption-attachment-51\" class=\"wp-caption-text\">KASSIER Harald Goldmann<\/figcaption><\/figure><\/td>\n<\/tr>\n<tr class=\"row-3\">\n\t<td class=\"column-1\">SCHRIFTF\u00dcHRER<\/td><td class=\"column-2\">KONTROLLOBMANN  <\/td><td class=\"column-3\">GEW\u00c4SSERWART<\/td>\n<\/tr>\n<tr class=\"row-4\">\n\t<td class=\"column-1\"><figure id=\"attachment_1950\" aria-describedby=\"caption-attachment-1950\" style=\"width: 150px\" class=\"wp-caption aligncenter\"><a href=\"http:\/\/www.lobaufischer.at\/?attachment_id=1950\" rel=\"attachment wp-att-1950\"><img loading=\"lazy\" decoding=\"async\" src=\"http:\/\/www.lobaufischer.at\/wp-content\/uploads\/2024\/12\/OBMANN-STV.-Gerhard-Kober2-e1733579142535-150x150.jpg\" alt=\"SCHRIFTF\u00dcHRER Gerhard Kober\" width=\"150\" height=\"150\" class=\"size-thumbnail wp-image-1950\" \/><\/a><figcaption id=\"caption-attachment-1950\" class=\"wp-caption-text\">SCHRIFTF\u00dcHRER Gerhard Kober<\/figcaption><\/figure><\/td><td class=\"column-2\"><figure id=\"attachment_49\" aria-describedby=\"caption-attachment-49\" style=\"width: 150px\" class=\"wp-caption alignnone\"><img loading=\"lazy\" decoding=\"async\" src=\"http:\/\/www.lobaufischer.at\/wp-content\/uploads\/2016\/11\/GEW\u00c4SSERWART-Lang_Christoph-150x150.jpg\" alt=\"KONTROLLOBMANN Christoph Lang\" width=\"150\" height=\"150\" class=\"size-thumbnail wp-image-49\" \/><figcaption id=\"caption-attachment-49\" class=\"wp-caption-text\">KONTROLLOBMANN Christoph Lang<\/figcaption><\/figure><\/td><td class=\"column-3\"><figure id=\"attachment_1658\" aria-describedby=\"caption-attachment-1658\" style=\"width: 150px\" class=\"wp-caption aligncenter\"><a href=\"http:\/\/www.lobaufischer.at\/?attachment_id=1658\" rel=\"attachment wp-att-1658\"><img loading=\"lazy\" decoding=\"async\" src=\"http:\/\/www.lobaufischer.at\/wp-content\/uploads\/2020\/01\/GEW\u00c4SSERWART-Dominik-H\u00f6rmann-150x150.jpg\" alt=\"\" width=\"150\" height=\"150\" class=\"size-thumbnail wp-image-1658\" \/><\/a><figcaption id=\"caption-attachment-1658\" class=\"wp-caption-text\">GEW\u00c4SSERWART Dominik H\u00f6rmann<\/figcaption><\/figure><\/td>\n<\/tr>\n<tr class=\"row-5\">\n\t<td class=\"column-1\">GEW\u00c4SSERWART <\/td><td class=\"column-2\">GEW\u00c4SSERWART<\/td><td class=\"column-3\">GEW\u00c4SSERWART  <\/td>\n<\/tr>\n<tr class=\"row-6\">\n\t<td class=\"column-1\"><figure id=\"attachment_46\" aria-describedby=\"caption-attachment-46\" style=\"width: 150px\" class=\"wp-caption alignnone\"><img loading=\"lazy\" decoding=\"async\" src=\"http:\/\/www.lobaufischer.at\/wp-content\/uploads\/2016\/11\/GEW\u00c4SSERWART-Tedy-Janas-150x150.jpg\" alt=\"GEW\u00c4SSERWART Tedy Janas\" width=\"150\" height=\"150\" class=\"size-thumbnail wp-image-46\" \/><figcaption id=\"caption-attachment-46\" class=\"wp-caption-text\">GEW\u00c4SSERWART Teddy Janas<\/figcaption><\/figure><\/td><td class=\"column-2\"><figure id=\"attachment_1665\" aria-describedby=\"caption-attachment-1665\" style=\"width: 150px\" class=\"wp-caption aligncenter\"><a href=\"http:\/\/www.lobaufischer.at\/?attachment_id=1665\" rel=\"attachment wp-att-1665\"><img loading=\"lazy\" decoding=\"async\" src=\"http:\/\/www.lobaufischer.at\/wp-content\/uploads\/2020\/01\/GDEW\u00c4SSERWART-Patrick-Kundela-150x150.jpg\" alt=\"\" width=\"150\" height=\"150\" class=\"size-thumbnail wp-image-1665\" \/><\/a><figcaption id=\"caption-attachment-1665\" class=\"wp-caption-text\">GEW\u00c4SSERWART Patrick Kundela<\/figcaption><\/figure><\/td><td class=\"column-3\"><figure id=\"attachment_47\" aria-describedby=\"caption-attachment-47\" style=\"width: 150px\" class=\"wp-caption alignnone\"><img loading=\"lazy\" decoding=\"async\" src=\"http:\/\/www.lobaufischer.at\/wp-content\/uploads\/2016\/11\/GEW\u00c4SSERWART-David-Pokorny-150x150.jpg\" alt=\"GEW\u00c4SSERWART David Pokorny\" width=\"150\" height=\"150\" class=\"size-thumbnail wp-image-47\" \/><figcaption id=\"caption-attachment-47\" class=\"wp-caption-text\">GEW\u00c4SSERWART David Pokorny<\/figcaption><\/figure><\/td>\n<\/tr>\n<tr class=\"row-7\">\n\t<td class=\"column-1\">H\u00dcTTENWART<\/td><td class=\"column-2\">GEW\u00c4SSER- u. JUGENDWART <\/td><td class=\"column-3\">ZEUGWART<\/td>\n<\/tr>\n<tr class=\"row-8\">\n\t<td class=\"column-1\"><figure id=\"attachment_1667\" aria-describedby=\"caption-attachment-1667\" style=\"width: 150px\" class=\"wp-caption aligncenter\"><a href=\"http:\/\/www.lobaufischer.at\/?attachment_id=1667\" rel=\"attachment wp-att-1667\"><img loading=\"lazy\" decoding=\"async\" src=\"http:\/\/www.lobaufischer.at\/wp-content\/uploads\/2020\/01\/H\u00dcTTENWART-Franz-Kundela-150x150.jpg\" alt=\"\" width=\"150\" height=\"150\" class=\"size-thumbnail wp-image-1667\" \/><\/a><figcaption id=\"caption-attachment-1667\" class=\"wp-caption-text\">H\u00dcTTENWART Franz Kundela<\/figcaption><\/figure><\/td><td class=\"column-2\"><figure id=\"attachment_50\" aria-describedby=\"caption-attachment-50\" style=\"width: 150px\" class=\"wp-caption alignnone\"><img loading=\"lazy\" decoding=\"async\" src=\"http:\/\/www.lobaufischer.at\/wp-content\/uploads\/2016\/11\/GEW\u00c4SSERWART-Michael-Hoffmann-150x150.jpg\" alt=\"GEW\u00c4SSERWART Michael Hofmann\" width=\"150\" height=\"150\" class=\"size-thumbnail wp-image-50\" \/><figcaption id=\"caption-attachment-50\" class=\"wp-caption-text\">GEW\u00c4SSERWART Michael Hofmann<\/figcaption><\/figure><\/td><td class=\"column-3\"><figure id=\"attachment_1669\" aria-describedby=\"caption-attachment-1669\" style=\"width: 150px\" class=\"wp-caption aligncenter\"><a href=\"http:\/\/www.lobaufischer.at\/?attachment_id=1669\" rel=\"attachment wp-att-1669\"><img loading=\"lazy\" decoding=\"async\" src=\"http:\/\/www.lobaufischer.at\/wp-content\/uploads\/2020\/01\/KONTROLLOBMANN-Franz-Janas-150x150.jpg\" alt=\"\" width=\"150\" height=\"150\" class=\"size-thumbnail wp-image-1669\" \/><\/a><figcaption id=\"caption-attachment-1669\" class=\"wp-caption-text\">ZEUGWART Franz Janas<\/figcaption><\/figure><\/td>\n<\/tr>\n<tr class=\"row-9\">\n\t<td class=\"column-1\">GEW\u00c4SSERWART<br \/>\nund LO-VERTRETER<\/td><td class=\"column-2\">BEISITZER <\/td><td class=\"column-3\">GEW\u00c4SSERWART<\/td>\n<\/tr>\n<tr class=\"row-10\">\n\t<td class=\"column-1\"><figure id=\"attachment_1955\" aria-describedby=\"caption-attachment-1955\" style=\"width: 150px\" class=\"wp-caption aligncenter\"><a href=\"http:\/\/www.lobaufischer.at\/?attachment_id=1955\" rel=\"attachment wp-att-1955\"><img loading=\"lazy\" decoding=\"async\" src=\"http:\/\/www.lobaufischer.at\/wp-content\/uploads\/2024\/12\/GEWAeSSERWART-Guenther-Stiebitz-150x150.jpg\" alt=\"GEW\u00c4SSERWART G\u00fcnther Stiebitz\" width=\"150\" height=\"150\" class=\"size-thumbnail wp-image-1955\" \/><\/a><figcaption id=\"caption-attachment-1955\" class=\"wp-caption-text\">GEW\u00c4SSERWART G\u00fcnther Stiebitz<\/figcaption><\/figure><\/td><td class=\"column-2\"><figure id=\"attachment_53\" aria-describedby=\"caption-attachment-53\" style=\"width: 150px\" class=\"wp-caption alignnone\"><img loading=\"lazy\" decoding=\"async\" src=\"http:\/\/www.lobaufischer.at\/wp-content\/uploads\/2016\/11\/LO-VERTRETER-Karl-Cviljusacz-150x150.jpg\" alt=\"LO-VERTRETER Karl Cviljusac\" width=\"150\" height=\"150\" class=\"size-thumbnail wp-image-53\" \/><figcaption id=\"caption-attachment-53\" class=\"wp-caption-text\">BEISITZER Karl Cviljusacz<\/figcaption><\/figure><\/td><td class=\"column-3\"><figure id=\"attachment_1950\" aria-describedby=\"caption-attachment-1950\" style=\"width: 150px\" class=\"wp-caption aligncenter\"><a href=\"http:\/\/www.lobaufischer.at\/?attachment_id=1950\" rel=\"attachment wp-att-1950\"><img loading=\"lazy\" decoding=\"async\" src=\"http:\/\/www.lobaufischer.at\/wp-content\/uploads\/2024\/12\/OBMANN-STV.-Gerhard-Kober2-e1733579142535-150x150.jpg\" alt=\"GEW\u00c4SSERWART Gerhard Kober\" width=\"150\" height=\"150\" class=\"size-thumbnail wp-image-1950\" \/><\/a><figcaption id=\"caption-attachment-1950\" class=\"wp-caption-text\">GEW\u00c4SSERWART Gerhard Kober<\/figcaption><\/figure><\/td>\n<\/tr>\n<\/tbody>\n<\/table>\n<!-- #tablepress-3 from cache -->\n","protected":false},"excerpt":{"rendered":"<p>Der Vorstand des Vereins der Lobaufischer wurde von seinen 450 Mitgliedern im Rahmen der letzten Jahresversammlung im M\u00e4rz 2022 neu gew\u00e4hlt. Er trifft sich mindestens einmal monatlich in Gro\u00dfenzersdorf zu den Vereinssitzungen.<\/p>\n","protected":false},"author":1,"featured_media":0,"parent":0,"menu_order":0,"comment_status":"closed","ping_status":"closed","template":"","meta":{"ngg_post_thumbnail":0,"footnotes":""},"class_list":["post-290","page","type-page","status-publish","hentry"],"jetpack_sharing_enabled":true,"_links":{"self":[{"href":"http:\/\/www.lobaufischer.at\/index.php?rest_route=\/wp\/v2\/pages\/290","targetHints":{"allow":["GET"]}}],"collection":[{"href":"http:\/\/www.lobaufischer.at\/index.php?rest_route=\/wp\/v2\/pages"}],"about":[{"href":"http:\/\/www.lobaufischer.at\/index.php?rest_route=\/wp\/v2\/types\/page"}],"author":[{"embeddable":true,"href":"http:\/\/www.lobaufischer.at\/index.php?rest_route=\/wp\/v2\/users\/1"}],"replies":[{"embeddable":true,"href":"http:\/\/www.lobaufischer.at\/index.php?rest_route=%2Fwp%2Fv2%2Fcomments&post=290"}],"version-history":[{"count":7,"href":"http:\/\/www.lobaufischer.at\/index.php?rest_route=\/wp\/v2\/pages\/290\/revisions"}],"predecessor-version":[{"id":1931,"href":"http:\/\/www.lobaufischer.at\/index.php?rest_route=\/wp\/v2\/pages\/290\/revisions\/1931"}],"wp:attachment":[{"href":"http:\/\/www.lobaufischer.at\/index.php?rest_route=%2Fwp%2Fv2%2Fmedia&parent=290"}],"curies":[{"name":"wp","href":"https:\/\/api.w.org\/{rel}","templated":true}]}}